{"id":33,"date":"2016-02-24T22:38:26","date_gmt":"2016-02-24T21:38:26","guid":{"rendered":"http:\/\/tetardville.fr\/?page_id=33"},"modified":"2026-01-01T21:35:16","modified_gmt":"2026-01-01T20:35:16","slug":"concerts","status":"publish","type":"page","link":"https:\/\/tetardville.fr\/index.php\/concerts\/","title":{"rendered":"Agenda"},"content":{"rendered":"\n<p><\/p>\n\n\n<h1 style=\"text-align: center;\"><span style=\"color: #993366;\"><em>2025<\/em><\/span><\/h1>\n<h2>3 janvier 2025\u00a0 : <span style=\"color: #008000;\">T\u00eatard-Tampion<\/span>\u00a0 Centre de loisirs Vienne (38)<\/h2>\n<h2>30 mars 2025\u00a0 : <span style=\"color: #008000;\">T\u00eatard-Tampion<\/span> et <span style=\"color: #800080;\">T\u00eatard-Ratata<\/span> Sou des \u00e9coles Salle de l&rsquo;Agora St Pierre de Boeuf (42)<\/h2>\n<h2>2 mai 2025\u00a0 : <span style=\"color: #008000;\">T\u00eatard-Tampion<\/span>\u00a0 Centre de loisirs Pont de l&rsquo;Is\u00e8re (26)<\/h2>\n<h2>14 juin 2025\u00a0 : <span style=\"color: #008000;\">T\u00eatard-Tampion<\/span>\u00a0 P\u00f4le Enfance Annonay (07)<\/h2>\n<h2>21 juin 2025\u00a0 : <span style=\"color: #00ff00;\">T\u00eatard-Ville<\/span>\u00a0 F\u00eate de la Musique Vernoux (07)<\/h2>\n<h2>27 juin 2025\u00a0 : <span style=\"color: #008000;\">T\u00eatard-Tampion<\/span>\u00a0 Cr\u00e8che St Maurice l&rsquo;Exil (38)<\/h2>\n<h2>1 juillet 2025\u00a0 : <span style=\"color: #008000;\">T\u00eatard-Tampion<\/span>\u00a0 Cr\u00e8che Chanos Curson (26)<\/h2>\n<h2>5 juillet 2025\u00a0 : <span style=\"color: #008000;\">T\u00eatard-Tampion<\/span>\u00a0 Festival Truck Tournon\/Rh\u00f4ne (07)<\/h2>\n<h2>13 juillet 2025\u00a0 : <span style=\"color: #008000;\">T\u00eatard-Tampion<\/span>\u00a0 March\u00e9 de St F\u00e9licien (07)<\/h2>\n<h2>30 juillet 2025\u00a0 : <span style=\"color: #008000;\">T\u00eatard-Tampion<\/span>\u00a0 Centre de loisirs \u00ab\u00a0Les Carr\u00e9s\u00a0\u00bb Annecy (74)<\/h2>\n<h2>31 juillet 2025\u00a0 : <span style=\"color: #008000;\">T\u00eatard-Tampion<\/span>\u00a0 Centre de loisirs Les Houches (74)<\/h2>\n<h2>31 juillet 2025\u00a0 : <span style=\"color: #008000;\">T\u00eatard-Tampion<\/span>\u00a0 Centre de loisirs M\u00e9g\u00e8ve (74)<\/h2>\n<h2>1 ao\u00fbt 2025\u00a0 : <span style=\"color: #008000;\">T\u00eatard-Tampion<\/span>\u00a0 Centre de loisirs \u00ab\u00a0Les Nivolets\u00a0\u00bb Chamb\u00e9ry (73)<\/h2>\n<h2>1 ao\u00fbt 2025\u00a0 : <span style=\"color: #008000;\">T\u00eatard-Tampion<\/span>\u00a0 Centre de loisirs \u00ab\u00a0Les Talwegs\u00a0\u00bb Chamb\u00e9ry (73)<\/h2>\n<h2>5 ao\u00fbt 2025\u00a0 : <span style=\"color: #008000;\">T\u00eatard-Tampion<\/span>\u00a0 March\u00e9 nocturne de Quintenas (07)<\/h2>\n<h2>15 octobre 2025\u00a0 : <span style=\"color: #008000;\">T\u00eatard-Tampion<\/span>\u00a0 Centre de loisirs Chanos-Curson (26)<\/h2>\n<h2>2 novembre 2025\u00a0 : <span style=\"color: #008000;\">T\u00eatard-Tampion<\/span>\u00a0 Monteillet Caf\u00e9 Vanosc (07)<\/h2>\n<h2>28 novembre 2025\u00a0 : <span style=\"color: #008000;\">T\u00eatard-Tampion<\/span>\u00a0 M\u00e9diath\u00e8que de Dav\u00e9zieux (07)<\/h2>\n<h2>3 d\u00e9cembre 2025\u00a0 : <span style=\"color: #008000;\">T\u00eatard-Tampion<\/span>\u00a0 Mjc de St Marcel les Valence (26)<\/h2>\n<h2>9 d\u00e9cembre 2025\u00a0 : <span style=\"color: #008000;\">T\u00eatard-Tampion<\/span>\u00a0 Cr\u00e8che de Maclas (42)<\/h2>\n<h2>17 d\u00e9cembre 2025\u00a0 : <span style=\"color: #008000;\">T\u00eatard-Tampion<\/span>\u00a0 Resto Juste \u00e0 c\u00f4t\u00e9 (07)<\/h2>\n<h2>18 d\u00e9cembre 2025\u00a0 : <span style=\"color: #008000;\">T\u00eatard-Tampion<\/span>\u00a0 Cr\u00e8che de P\u00e9lussin (42)<\/h2>\n<h1 style=\"padding-left: 400px;\"><span style=\"color: #0000ff;\"><em>2024<\/em><\/span><\/h1>\n<h2>jeudi 19 d\u00e9cembre 2024 (16h) : <span style=\"color: #339966;\">T\u00eatard-Tampion<\/span> : Centre de loisirs Maclas (42)<\/h2>\n<h2>vendredi 13 d\u00e9cembre 2024 : le groupe <span style=\"color: #00ff00;\">T\u00eatard-Ville<\/span> : concert priv\u00e9 : CE cave de Tain (26)<\/h2>\n<h2>mercredi 11 d\u00e9cembre 2024 (16h) : <span style=\"color: #339966;\">T\u00eatard-Tampion<\/span> : Juste \u00e0 c\u00f4t\u00e9 Annonay (07)<\/h2>\n<h2>mercredi 11 d\u00e9cembre 2024 (16h) : <span style=\"color: #339966;\">T\u00eatard-Tampion<\/span> : Centre de loisirs Gemens Vienne (38)<\/h2>\n<h2>samedi 7 d\u00e9cembre 2024 (16h) : <span style=\"color: #339966;\">T\u00eatard-Tampion<\/span> : ADMR St Germain Laprade (43)<\/h2>\n<h2>samedi 16 novembre 2024 (16h) : <span style=\"color: #339966;\">T\u00eatard-Tampion<\/span> et <span style=\"color: #800080;\">T\u00eatard-Ratata<\/span> \u00ab\u00a0A petits pas\u00a0\u00bb Annonay (07)\u00a0<\/h2>\n<h2>jeudi 31 octobre 2024 (18h) : le groupe <span style=\"color: #00ff00;\">T\u00eatard-Ville<\/span> : AFR Epinouze (26)<\/h2>\n<h2>vendredi 25 octobre 2024 (16h) : <span style=\"color: #339966;\">T\u00eatard-Tampion<\/span> : centre de loisirs Estressin Vienne (38)<\/h2>\n<h2>samedi 28 septembre 2024 (18h) : le groupe <span style=\"color: #00ff00;\">T\u00eatard-Ville<\/span> : Cr\u00e8che \u00ab\u00a0\u00eelot c\u00e2lin\u00a0\u00bb Peaugres salle \u00ab\u00a0Entre&rsquo;2\u00a0\u00bb (07)<\/h2>\n<h2>vendredi 30 ao\u00fbt 2024 : <span style=\"color: #339966;\">T\u00eatard-Tampion<\/span> : centre de loisirs Peaugres (07)<\/h2>\n<h2>dimanche 18 ao\u00fbt 2024 : <span style=\"color: #339966;\">T\u00eatard-Tampion<\/span> : concert chansons fran\u00e7aises March\u00e9 St F\u00e9licien (07)<\/h2>\n<h2>vendredi 2 ao\u00fbt 2024 (17h) : <span style=\"color: #339966;\">T\u00eatard-Tampion<\/span> : centre de loisirs Les Houches (74)<\/h2>\n<h2>vendredi 2 ao\u00fbt 2024 (10h) : <span style=\"color: #339966;\">T\u00eatard-Tampion<\/span> : centre de loisirs Bonneville (74)<\/h2>\n<h2>mardi 23 juillet 2024 (17h) : <span style=\"color: #339966;\">T\u00eatard-Tampion<\/span> : centre de loisirs Colombier le jeune (07)<\/h2>\n<h2>jeudi 18 juillet 2024 (10h) : <span style=\"color: #339966;\">T\u00eatard-Tampion<\/span> : centre de loisirs Condrieu (69)<\/h2>\n<h2>jeudi 18 juillet 2024 (15h) : <span style=\"color: #339966;\">T\u00eatard-Tampion<\/span> : centre de loisirs Ampuis (69)<\/h2>\n<h2>mardi 9 juillet 2024 (17h et 19h) : <span style=\"color: #339966;\">T\u00eatard-Tampion<\/span> : march\u00e9 nocturne\u00a0 Chanos Curson (26)<\/h2>\n<h2>samedi 6 juillet 2024 (19h) : <span style=\"color: #339966;\">T\u00eatard-Tampion<\/span> : Festival Food-truck\u00a0 Tournon (07)<\/h2>\n<h2>mardi 25 juin 2024 (18h) : <span style=\"color: #339966;\">T\u00eatard-Tampion<\/span> : cr\u00e8che\u00a0 Dav\u00e9zieux (07)<\/h2>\n<h2>samedi 22 juin 2024 : le groupe <span style=\"color: #00ff00;\">T\u00eatard-Ville<\/span> F\u00eate de la Musique P\u00e9lussin (43)<\/h2>\n<h2>mardi 18 juin 2024 (19h) : <span style=\"color: #339966;\">T\u00eatard-Tampion<\/span> Centres de loisirs P\u00e9lussin (43)<\/h2>\n<h2>samedi 8 juin 2024 (10h30) : <span style=\"color: #339966;\">T\u00eatard-Tampion<\/span> et <span style=\"color: #800080;\">T\u00eatard-Ratata<\/span> m\u00e9diath\u00e8que Annonay (07)\u00a0<\/h2>\n<h2><strong><em>vendredi 31 mai 2024 (18h30) :<span style=\"color: #339966;\"> T\u00eatard-Tampion<\/span> : Comit\u00e9 des f\u00eates St Cyr (07)<\/em><\/strong><\/h2>\n<h2><strong><em>vendredi 1 mars 2024 : <\/em><\/strong><span style=\"color: #339966;\"><strong><em>T\u00eatard-Tampion <span style=\"color: #000000;\">: m<\/span><\/em><\/strong><\/span><strong><em>\u00e9diath\u00e8que Bourg Argental (42)<\/em><\/strong><\/h2>\n<h2><strong><em>samedi 20 janvier 2024 \u00e0 15h : le groupe <span style=\"color: #00ff00;\">T\u00eatard-Ville<\/span> \u00a0<\/em><\/strong><strong><em>Ecole Ste Sigol\u00e8ne (42)<\/em><\/strong><\/h2>\n<h1 style=\"text-align: center;\"><span style=\"color: #ff0000;\"><em>2023<\/em><\/span><\/h1>\n<h2><strong><em>samedi 16 d\u00e9cembre \u00e0 15h : <span style=\"color: #00ff00;\">T\u00eatard-Ville<\/span> \u00a0 <\/em><\/strong><strong><em>\u00ab\u00a0F\u00eate de No\u00ebl\u00a0\u00bb\u00a0\u00a0\u00a0\u00a0\u00a0\u00a0\u00a0\u00a0\u00a0\u00a0\u00a0\u00a0\u00a0\u00a0\u00a0\u00a0\u00a0\u00a0\u00a0\u00a0\u00a0\u00a0\u00a0\u00a0\u00a0\u00a0\u00a0\u00a0 Espace rochegude\u00a0\u00a0\u00a0\u00a0\u00a0\u00a0\u00a0\u00a0\u00a0\u00a0\u00a0\u00a0\u00a0\u00a0\u00a0\u00a0\u00a0\u00a0\u00a0\u00a0\u00a0\u00a0\u00a0\u00a0\u00a0\u00a0\u00a0\u00a0 Tain l&rsquo;Hermitage <\/em><\/strong><strong><em>(26)<\/em><\/strong><\/h2>\n<h2><strong><em>vendredi 15 d\u00e9cembre \u00e0 17h14 : <span style=\"color: #008000;\">T\u00eatard-Tampion<\/span>\u00a0\u00a0 <\/em><\/strong><strong><em>\u00ab\u00a0march\u00e9 du h\u00e9ron\u00a0\u00bb Ardoix (07) <\/em><\/strong><\/h2>\n<h2><strong><em>samedi 9 d\u00e9cembre \u00e0 15h : <span style=\"color: #00ff00;\">T\u00eatard-Ville<\/span> \u00a0 <\/em><\/strong><strong><em>\u00ab\u00a0Comit\u00e9 d&rsquo;entreprise EDF\u00a0\u00bb\u00a0\u00a0\u00a0\u00a0\u00a0\u00a0\u00a0\u00a0\u00a0\u00a0\u00a0\u00a0\u00a0\u00a0\u00a0\u00a0\u00a0\u00a0\u00a0\u00a0\u00a0\u00a0\u00a0\u00a0\u00a0\u00a0\u00a0\u00a0\u00a0\u00a0\u00a0\u00a0\u00a0\u00a0\u00a0\u00a0\u00a0\u00a0\u00a0\u00a0\u00a0\u00a0\u00a0\u00a0\u00a0\u00a0\u00a0\u00a0\u00a0 Succieu <\/em><\/strong><strong><em>(38)<\/em><\/strong><\/h2>\n<h2><strong><em>dimanche 3 d\u00e9cembre \u00e0 16h : <span style=\"color: #008000;\">T\u00eatard-Tampion<\/span>\u00a0\u00a0 <\/em><\/strong><strong><em>\u00ab\u00a0march\u00e9 et brocante de No\u00ebl\u00a0\u00bb\u00a0\u00a0\u00a0\u00a0\u00a0\u00a0\u00a0\u00a0\u00a0\u00a0\u00a0\u00a0\u00a0\u00a0\u00a0\u00a0\u00a0\u00a0\u00a0\u00a0\u00a0\u00a0 Ardoix (07)<\/em><\/strong><\/h2>\n<h2><strong><em>dimanche 27 ao\u00fbt \u00e0 11h : <span style=\"color: #00ff00;\">T\u00eatard-Ville<\/span> \u00a0 <\/em><\/strong><strong><em>\u00ab\u00a0Festival R\u00e9-Unis&rsquo;Sons\u00a0\u00bb\u00a0\u00a0\u00a0\u00a0\u00a0\u00a0\u00a0\u00a0\u00a0\u00a0\u00a0\u00a0\u00a0\u00a0\u00a0\u00a0\u00a0\u00a0\u00a0\u00a0\u00a0\u00a0\u00a0\u00a0\u00a0\u00a0\u00a0\u00a0\u00a0\u00a0\u00a0\u00a0\u00a0\u00a0\u00a0\u00a0\u00a0\u00a0\u00a0\u00a0\u00a0\u00a0\u00a0\u00a0\u00a0\u00a0\u00a0\u00a0\u00a0 Quintenas<\/em><\/strong><strong><em> (07)<\/em><\/strong><\/h2>\n<h2><strong><em>vendredi 4 ao\u00fbt \u00e0 10h : <span style=\"color: #008000;\">T\u00eatard-Tampion<\/span>\u00a0\u00a0 <\/em><\/strong><strong><em>\u00ab\u00a0centre de loisirs\u00a0\u00bb\u00a0\u00a0\u00a0\u00a0\u00a0\u00a0\u00a0\u00a0\u00a0\u00a0\u00a0\u00a0\u00a0\u00a0\u00a0\u00a0\u00a0\u00a0\u00a0\u00a0\u00a0\u00a0\u00a0\u00a0\u00a0\u00a0\u00a0\u00a0\u00a0\u00a0\u00a0\u00a0\u00a0\u00a0\u00a0\u00a0\u00a0\u00a0\u00a0\u00a0\u00a0\u00a0\u00a0\u00a0\u00a0\u00a0\u00a0\u00a0\u00a0\u00a0\u00a0\u00a0\u00a0\u00a0 Archamps<\/em><\/strong><strong><em> (74)<\/em><\/strong><\/h2>\n<h2><strong><em>vendredi 4 ao\u00fbt \u00e0 15h : <span style=\"color: #008000;\">T\u00eatard-Tampion<\/span>\u00a0\u00a0 <\/em><\/strong><strong><em>\u00ab\u00a0centre de loisirs\u00a0\u00bb\u00a0\u00a0\u00a0\u00a0\u00a0\u00a0\u00a0\u00a0\u00a0\u00a0\u00a0\u00a0\u00a0\u00a0\u00a0\u00a0\u00a0\u00a0\u00a0\u00a0\u00a0\u00a0\u00a0\u00a0\u00a0\u00a0\u00a0\u00a0\u00a0\u00a0\u00a0\u00a0\u00a0\u00a0\u00a0\u00a0\u00a0\u00a0\u00a0\u00a0\u00a0\u00a0\u00a0\u00a0\u00a0\u00a0\u00a0\u00a0\u00a0\u00a0\u00a0\u00a0\u00a0\u00a0 St Julien en genevois<\/em><\/strong><strong><em> (74)<\/em><\/strong><\/h2>\n<h2><strong><em>mardi 25 juillet \u00e0 19h : <span style=\"color: #008000;\">T\u00eatard-Tampion<\/span>\u00a0\u00a0 <\/em><\/strong><strong><em>\u00ab\u00a0march\u00e9 nocturne\u00a0\u00bb\u00a0\u00a0\u00a0\u00a0\u00a0\u00a0\u00a0\u00a0\u00a0\u00a0\u00a0\u00a0\u00a0\u00a0\u00a0\u00a0\u00a0\u00a0\u00a0\u00a0\u00a0\u00a0\u00a0\u00a0\u00a0\u00a0\u00a0\u00a0\u00a0\u00a0\u00a0\u00a0\u00a0\u00a0\u00a0\u00a0\u00a0\u00a0\u00a0\u00a0\u00a0\u00a0\u00a0\u00a0\u00a0\u00a0\u00a0\u00a0\u00a0\u00a0 Quintenas<\/em><\/strong><strong><em> (07)<\/em><\/strong><\/h2>\n<h2><strong><em>mardi 11 juillet \u00e0 16h : <span style=\"color: #008000;\">T\u00eatard-Tampion<\/span>\u00a0\u00a0 <\/em><\/strong><strong><em>\u00ab\u00a0centre de loisirs\u00a0\u00bb\u00a0\u00a0\u00a0\u00a0\u00a0\u00a0\u00a0\u00a0\u00a0\u00a0\u00a0\u00a0\u00a0\u00a0\u00a0\u00a0\u00a0\u00a0\u00a0\u00a0\u00a0\u00a0\u00a0\u00a0\u00a0\u00a0\u00a0\u00a0\u00a0\u00a0\u00a0\u00a0\u00a0\u00a0\u00a0\u00a0\u00a0\u00a0\u00a0\u00a0\u00a0\u00a0\u00a0\u00a0\u00a0\u00a0\u00a0\u00a0\u00a0\u00a0\u00a0\u00a0\u00a0 <\/em><\/strong><strong><em>Chanos Curson (26)<\/em><\/strong><\/h2>\n<h2><strong><em>mercredi 5 juillet \u00e0 10h : <span style=\"color: #008000;\">T\u00eatard-Tampion<\/span>\u00a0\u00a0 <\/em><\/strong><strong><em>\u00ab\u00a0centre de loisirs\u00a0\u00bb\u00a0\u00a0\u00a0\u00a0\u00a0\u00a0\u00a0\u00a0\u00a0\u00a0\u00a0\u00a0\u00a0\u00a0\u00a0\u00a0\u00a0\u00a0\u00a0\u00a0\u00a0\u00a0\u00a0\u00a0\u00a0\u00a0\u00a0\u00a0\u00a0\u00a0\u00a0\u00a0\u00a0\u00a0\u00a0\u00a0\u00a0\u00a0\u00a0\u00a0\u00a0\u00a0\u00a0\u00a0\u00a0\u00a0\u00a0\u00a0\u00a0\u00a0\u00a0\u00a0\u00a0 <\/em><\/strong><strong><em>F\u00e9lines (07)<\/em><\/strong><\/h2>\n<h2><strong><em>mardi 4 juillet \u00e0 18h : <span style=\"color: #008000;\">T\u00eatard-Tampion <\/span><\/em><\/strong><strong><em>et <span style=\"color: #ff6600;\">T\u00eatard-Telette<\/span>\u00a0\u00a0\u00a0\u00a0\u00a0\u00a0\u00a0\u00a0\u00a0 <\/em><\/strong><strong><em>\u00ab\u00a0cr\u00e8che \u00e0 petits pas\u00a0\u00bb\u00a0\u00a0\u00a0\u00a0\u00a0\u00a0\u00a0\u00a0\u00a0\u00a0\u00a0\u00a0\u00a0\u00a0\u00a0\u00a0\u00a0\u00a0\u00a0\u00a0\u00a0\u00a0\u00a0\u00a0\u00a0\u00a0\u00a0\u00a0\u00a0\u00a0\u00a0\u00a0\u00a0\u00a0\u00a0\u00a0\u00a0\u00a0\u00a0\u00a0\u00a0\u00a0\u00a0\u00a0\u00a0\u00a0\u00a0\u00a0\u00a0\u00a0\u00a0\u00a0\u00a0\u00a0\u00a0\u00a0\u00a0\u00a0\u00a0 <\/em><\/strong><strong><em>Annonay (07)<\/em><\/strong><\/h2>\n<h2><strong><em>samedi 3 juin \u00e0 16h : <span style=\"color: #008000;\">T\u00eatard-Tampion <\/span><\/em><\/strong><strong><em>et <span style=\"color: #800080;\">T\u00eatard-Ratata<\/span>\u00a0\u00a0\u00a0\u00a0\u00a0\u00a0\u00a0\u00a0\u00a0\u00a0\u00a0 <\/em><\/strong><strong><em>\u00ab\u00a0f\u00eate des centres sociaux\u00a0\u00bb\u00a0\u00a0\u00a0\u00a0\u00a0\u00a0\u00a0\u00a0\u00a0\u00a0\u00a0\u00a0\u00a0\u00a0\u00a0\u00a0\u00a0\u00a0\u00a0\u00a0\u00a0\u00a0\u00a0\u00a0\u00a0\u00a0\u00a0\u00a0\u00a0\u00a0\u00a0\u00a0\u00a0\u00a0\u00a0\u00a0\u00a0\u00a0\u00a0\u00a0\u00a0\u00a0\u00a0\u00a0\u00a0\u00a0\u00a0\u00a0\u00a0\u00a0 <\/em><\/strong><strong><em>St Rambert d&rsquo;albon (26)<\/em><\/strong><\/h2>\n<h2><strong><em>vendredi 2 juin \u00e0 18h : <span style=\"color: #008000;\">T\u00eatard-Tampion<\/span>\u00a0\u00a0 <\/em><\/strong><strong><em>\u00ab\u00a0f\u00eate de village\u00a0\u00bb\u00a0\u00a0\u00a0\u00a0\u00a0\u00a0\u00a0\u00a0\u00a0\u00a0\u00a0\u00a0\u00a0\u00a0\u00a0\u00a0 <\/em><\/strong><strong><em>St Cyr (07)<br \/><\/em><\/strong><\/h2>\n<h2><strong><em>vendredi 14 avril \u00e0 17h14 : T\u00eatard-Tampion\u00a0\u00a0 <\/em><\/strong><strong><em>\u00ab\u00a0march\u00e9 du h\u00e9ron\u00a0\u00bb Ardoix (07) <\/em><\/strong><\/h2>\n<h2><strong><em>dimanche 2 avril \u00e0 16h : <span style=\"color: #008000;\">T\u00eatard-Tampion<\/span>\u00a0\u00a0 <\/em><\/strong><strong><em>\u00ab\u00a0Journ\u00e9e \u00e0 petits pas\u00a0\u00bb Annonay (07) <\/em><\/strong><\/h2>\n<h2><strong><em>samedi 18 f\u00e9vrier \u00e0 14h :<span style=\"color: #008000;\"> T\u00eatard-Tampion<\/span> et <span style=\"color: #800080;\">T\u00eatard-Ratata\u00a0 <\/span><\/em><\/strong><strong><em>M\u00e9diath\u00e8que de St Vallier (26) <\/em><\/strong><\/h2>\n<h2><strong><em>vendredi 20 janvier \u00e0 17h : <span style=\"color: #008000;\">T\u00eatard-Tampion<\/span>\u00a0\u00a0 <\/em><\/strong><strong><em>M\u00e9diath\u00e8que de Dav\u00e9zieux (07) <\/em><\/strong><\/h2>\n<h2><strong><em>\u00a0<\/em><\/strong><\/h2>\n<h1><em><span style=\"color: #0000ff;\">\u00a0\u00a0\u00a0\u00a0\u00a0\u00a0\u00a0\u00a0\u00a0\u00a0\u00a0\u00a0\u00a0\u00a0\u00a0\u00a0\u00a0\u00a0\u00a0<\/span><\/em><\/h1>\n<h1 style=\"text-align: center;\"><em> 2022<\/em><\/h1>\n<h2><strong><em>vendredi 16 d\u00e9cembre \u00e0 17h : <span style=\"color: #008000;\">T\u00eatard-Tampion et T\u00eatard-Telette<\/span>\u00a0 <\/em><\/strong><strong><em>\u00ab\u00a0No\u00ebl au jardin du h\u00e9ron\u00a0\u00bb (Ardoix-07) <\/em><\/strong><\/h2>\n<h2><strong><em>(St F\u00e9licien-07)<\/em><\/strong><\/h2>\n<h2><strong><em>mercredi 14 d\u00e9cembre \u00e0 16h30 : <span style=\"color: #008000;\">T\u00eatard-Tampion<\/span> \u00e0 la cr\u00e8che \u00ab\u00a0La courte \u00e9chelle\u00a0\u00bb (St F\u00e9licien-07)<\/em><\/strong><\/h2>\n<h2>Samedi 10 d\u00e9cembre : <span style=\"color: #008000;\">T\u00eatard-Ville<\/span> Comit\u00e9 d&rsquo;entreprise EDF\u00a0 \u00e0 Succieu (38)<\/h2>\n<h2>dimanche 23 octobre 16h30 : <span style=\"color: #008000;\">T\u00eatard-Ville<\/span> \u00e0 la salle \u00ab\u00a0l&rsquo;Ay Clipse\u00a0\u00bb \u00e0 Satillieu (07)<\/h2>\n<h2><strong><em>Samedi 17 septembre\u00a0 \u00e0 16h : <span style=\"color: #008000;\">T\u00eatard-Tampion<\/span> au Festival Ricochet (St Barth\u00e9l\u00e9my de Vals-26)<\/em><\/strong><\/h2>\n<h2><strong><em>vendredi 26 ao\u00fbt\u00a0 \u00e0 16h30 : <span style=\"color: #008000;\">T\u00eatard-Tampion et T\u00eatard-Telette<\/span> au jardin du h\u00e9ron (Ardoix-07) <\/em><\/strong><\/h2>\n<h2>vendredi 25 ao\u00fbt 10h : <span style=\"color: #008000;\">T\u00eatard-Tampion<\/span> : Accueil de loisirs de Mandela Maternel St Julien en Genevois (74)<\/h2>\n<h2>mercredi 17 ao\u00fbt 20h : <span style=\"color: #008000;\">T\u00eatard-Tampion et T\u00eatard-Ratata<\/span> au camping \u00ab\u00a0Plage du midi\u00a0\u00bb \u00e0 Portiragnes (34)<\/h2>\n<h2>vendredi 22 juillet 15h : <span style=\"color: #008000;\">T\u00eatard-Tampion<\/span> au Lac du champo (26)<\/h2>\n<h2><strong><em>vendredi 15 juillet\u00a0 : <span style=\"color: #008000;\">T\u00eatard-Tampion<\/span> \u00e0 l&rsquo;AFR\u00a0 \u00ab\u00a0les collines de l&rsquo;Hermitage\u00a0\u00bb Chanos-Curson (26)\u00a0 <\/em><\/strong><\/h2>\n<h2><strong><em>mercredi 13 juillet 16h : <span style=\"color: #008000;\">T\u00eatard-Tampion<\/span> aux estivales du plateau \u00e0 Passy Mont Blanc (74) <br \/><\/em><\/strong><\/h2>\n<h2><strong><em>samedi 2 juillet 16h :\u00a0 <\/em><\/strong><strong><em><span style=\"color: #008000;\">T\u00eatard-Tampion<\/span> inauguration des \u00e9coles Font Chevalier Annonay (07)<\/em><\/strong><\/h2>\n<h2><strong><em>samedi 2 juillet 16h :\u00a0 <\/em><\/strong><strong><em><span style=\"color: #008000;\">T\u00eatard-Tampion<\/span> au march\u00e9 bio de Vernosc (07)<br \/><\/em><\/strong><\/h2>\n<h2><strong><em>samedi 2 juillet 19h :\u00a0<\/em><\/strong><strong><em><span style=\"color: #008000;\">T\u00eatard-Tampion<\/span> \u00e0 <\/em><\/strong><strong><em>Hauterives (26) : <br \/><\/em><\/strong><\/h2>\n<h2><strong><em>samedi 1 juillet 18h : <\/em><\/strong><strong><em><span style=\"color: #008000;\">T\u00eatard-Tampion<\/span> \u00e0 l&rsquo;\u00e9cole de <\/em><\/strong><strong><em>St Sauveur en Ru (42)<br \/><\/em><\/strong><\/h2>\n<h2><strong><em>dimanche 26 juin \u00e0 11h :\u00a0 <span style=\"color: #008000;\">T\u00eatard-Ville<\/span> \u00e0 la journ\u00e9e de soutien au personnel soignant suspendu : \u00ab\u00a0Graines d&rsquo;Adine\u00a0\u00bb Quintenas (07)<br \/><\/em><\/strong><\/h2>\n<h2><strong><em>vendredi 24 juin \u00e0 17h : <span style=\"color: #008000;\">T\u00eatard-Tampion<\/span>\u00a0 au jardin du h\u00e9ron (Ardoix-07) <\/em><\/strong><\/h2>\n<h2><strong><em>dimanche 5 juin 19h : <\/em><\/strong><strong><em><span style=\"color: #008000;\">T\u00eatard-Tampion<\/span> \u00e0 <\/em><\/strong><strong><em>St Agr\u00e8ve avec les Ard\u00e9chois en concert (07)<\/em><\/strong><\/h2>\n<h2><strong><em>dimanche 8 mai \u00e0 16h30 : <span style=\"color: #008000;\">T\u00eatard-Tampion et T\u00eatard-Ratata<\/span> aux graines de Culture F\u00e9lines (07) <br \/><\/em><\/strong><\/h2>\n<h2><strong><em>vendredi 29 avril\u00a0 \u00e0 16h30 : <span style=\"color: #008000;\">T\u00eatard-Tampion et T\u00eatard-Telette<\/span> au jardin du h\u00e9ron (Ardoix-07) <\/em><\/strong><\/h2>\n<h2><strong><em>samedi 2 avril\u00a0 : <\/em><\/strong><strong><em><span style=\"color: #008000;\">T\u00eatard-Tampion et T\u00eatard-Ratata<\/span> \u00e0 la <\/em><\/strong><strong><em>journ\u00e9e Autisme D\u00e9omas (Annonay-07)<\/em><\/strong><\/h2>\n<h1><em><span style=\"color: #0000ff;\">\u00a0<\/span><\/em><\/h1>\n<h1 style=\"text-align: center;\"><strong><em><span style=\"color: #008000;\">2021<\/span><\/em><\/strong><\/h1>\n<h2><span style=\"color: #008000;\"><em>vendredi 16 juillet 2021<\/em> \u00e0 17h<strong> : Famille Rural Dr\u00f4me\u00a0 (26).<\/strong><\/span><\/h2>\n<h2><span style=\"color: #008000;\"><em>samedi 8 septembre 2021<\/em> (horaire \u00e0 confirmer)<strong> : m\u00e9diath\u00e8que de Fontaines\u00a0 (38).<\/strong><\/span><\/h2>\n<p>\u00a0<\/p>\n<h1 style=\"text-align: center;\"><span style=\"color: #993366;\"><strong><em>2019<\/em><\/strong><\/span><\/h1>\n<h2><span style=\"color: #993366;\"><em>samedi 14 d\u00e9cembre 2019<\/em> \u00e0 16h<strong> : No\u00ebl de l&rsquo;\u00e9cole de Roifieux\u00a0 (07).<\/strong><\/span><\/h2>\n<h2><span style=\"color: #993366;\"><em>samedi 9 novembre 2019<\/em> \u00e0 16h<strong> : \u00ab\u00a0Mes chants Festival\u00a0\u00bb\u00e0 Peaugres (07).<br \/><\/strong><\/span><\/h2>\n<h2><span style=\"color: #993366;\"><em>mercredi 28 septembre 2019<\/em> \u00e0 16h<strong> : concert \u00e0 Boulieu les Annonay (07).<\/strong><\/span><\/h2>\n<h2><span style=\"color: #993366;\"><em>mercredi 14 ao\u00fbt 2019<\/em> \u00e0 21h30<strong> : camping \u00ab\u00a0l&rsquo;escale\u00a0\u00bb au Cap d&rsquo;Agde (34) avec <\/strong><strong>T\u00eatard-Tampion et T\u00eatard-Ratata.<\/strong><\/span><\/h2>\n<h2><span style=\"color: #993366;\"><em>mardi 13 ao\u00fbt 2019<\/em> \u00e0 21h<strong> : camping Camp\u00e9ole \u00ab\u00a0les plages du midi\u00a0\u00bb au Cap d&rsquo;Agde (34) avec <\/strong><strong>T\u00eatard-Tampion et T\u00eatard-Ratata.<\/strong><\/span><\/h2>\n<h2><span style=\"color: #993366;\"><em>samedi 14 avril 2019<\/em> \u00e0 16h<strong> : Journ\u00e9e autisme \u00e0 Sablons (38) avec <\/strong><strong>T\u00eatard-Tampion et T\u00eatard-Ratata.<\/strong><\/span><\/h2>\n<h1 style=\"text-align: center;\"><strong><em><span style=\"color: #ff6600;\">2018<\/span><\/em><\/strong><\/h1>\n<h2><span style=\"color: #ff6600;\"><strong><em>mercredi 19 d\u00e9cembre<\/em> 2018 \u00e0 14h30 et 16h30 (arbre de no\u00ebl EDF\u00a0 St Alban-38) concert de T\u00eatard-Tampion et T\u00eatard-Ratata.<\/strong><\/span><\/h2>\n<h2><span style=\"color: #ff6600;\"><strong><em>dimanche 16 d\u00e9cembre<\/em> 2018 \u00e0 16h \u00e0 la librairie \u00ab\u00a0Au coin des livres\u00a0\u00bb (Dav\u00e9zieux-07) : showcase de T\u00eatard-Tampion pour pr\u00e9senter le dernier album \u00ab\u00a0Saperlipopette\u00a0\u00bb.<\/strong><\/span><\/h2>\n<h2><span style=\"color: #ff6600;\"><strong><em>dimanche 9 d\u00e9cembre<\/em> 2018 \u00e0 17h30 (March\u00e9 de no\u00ebl St Romain d&rsquo;ay-07) :\u00a0concert de T\u00eatard-Tampion et T\u00eatard-Ratata.<\/strong><\/span><\/h2>\n<h2><span style=\"color: #ff6600;\"><strong><em>samedi 1er d\u00e9cembre<\/em> 2018 \u00e0 16h30 (U Culture Annonay-07) :\u00a0showcase de T\u00eatard-Tampion et T\u00eatard-Ratata pour pr\u00e9senter le dernier album \u00ab\u00a0Saperlipopette\u00a0\u00bb.<\/strong><\/span><\/h2>\n<h2><span style=\"color: #ff6600;\"><strong><em>mercredi 17 octobre<\/em> 2018 \u00e0 16h30 \u00e0 la librairie \u00ab\u00a0Colibri\u00a0\u00bb (Voiron-38) : showcase de T\u00eatard-Tampion pour pr\u00e9senter le dernier album \u00ab\u00a0Saperlipopette\u00a0\u00bb.<\/strong><\/span><\/h2>\n<h2><span style=\"color: #ff6600;\"><strong><em>samedi 6 octobre<\/em> 2018 \u00e0 18h \u00e0 la salle de spectacle de l&rsquo;apART\u00e9 (Roifieux-07) : concert de sortie de l&rsquo;album \u00ab\u00a0Saperlipopette\u00a0\u00bb avec 7 musiciens sur sc\u00e8ne.<\/strong><\/span><\/h2>\n<h2><span style=\"color: #ff6600;\"><strong><em>samedi 28 avril 2018<\/em> (MJC Voiron-38) : concert de T\u00eatard-Tampion et T\u00eatard-Ratata.<\/strong><\/span><\/h2>\n<h2><span style=\"color: #ff6600;\"><strong><em>vendredi 9 mars\u00a0 2018<\/em> (\u00e9cole Font Chevalier Annonay-07) : concert de T\u00eatard-Ville.<\/strong><\/span><\/h2>\n<h2><span style=\"color: #ff6600;\"><strong><em>samedi 24 f\u00e9vrier 2018<\/em> (\u00e9cole Talencieux-07) : concert deT\u00eatard-Tampion et T\u00eatard-Ratata.<\/strong><\/span><\/h2>\n<h2><span style=\"color: #ff6600;\"><strong><em>dimanche 14 janvier 2018<\/em> (\u00e9cole Lombardi\u00e8re Annonay-07) : concert deT\u00eatard-Tampion.<\/strong><\/span><\/h2>\n<h2><span style=\"color: #ff6600;\"><strong><em>samedi 13 janvier 2018<\/em> (\u00e9cole de Satilieu-07) : concert de T\u00eatard-Tampion et T\u00eatard-Ratata.<\/strong><\/span><\/h2>\n<h2>\u00a0<\/h2>\n<h2>\u00a0<\/h2>\n<h2>\u00a0<\/h2>\n<h2>\u00a0<\/h2>\n<h2>\u00a0<\/h2>\n<h2>\u00a0<\/h2>\n<h2>\u00a0<\/h2>\n<h2>\u00a0<\/h2>\n<h2>\u00a0<\/h2>\n<h2>\u00a0<\/h2>","protected":false},"excerpt":{"rendered":"<p>2025 3 janvier 2025\u00a0 : T\u00eatard-Tampion\u00a0 Centre de loisirs Vienne (38) 30 mars 2025\u00a0 : T\u00eatard-Tampion et T\u00eatard-Ratata Sou des \u00e9coles Salle de l&rsquo;Agora St Pierre de Boeuf (42) 2 mai 2025\u00a0 : T\u00eatard-Tampion\u00a0 Centre de loisirs Pont de l&rsquo;Is\u00e8re (26) 14 juin 2025\u00a0 : T\u00eatard-Tampion\u00a0 P\u00f4le Enfance Annonay (07) 21 juin 2025\u00a0 : T\u00eatard-Ville\u00a0 F\u00eate de la Musique Vernoux (07) 27 juin 2025\u00a0 : T\u00eatard-Tampion\u00a0 Cr\u00e8che St Maurice l&rsquo;Exil (38) 1 juillet 2025\u00a0 : T\u00eatard-Tampion\u00a0 Cr\u00e8che Chanos Curson (26) [&hellip;]<\/p>\n","protected":false},"author":1,"featured_media":440,"parent":0,"menu_order":5,"comment_status":"closed","ping_status":"closed","template":"","meta":[],"_links":{"self":[{"href":"https:\/\/tetardville.fr\/index.php\/wp-json\/wp\/v2\/pages\/33"}],"collection":[{"href":"https:\/\/tetardville.fr\/index.php\/wp-json\/wp\/v2\/pages"}],"about":[{"href":"https:\/\/tetardville.fr\/index.php\/wp-json\/wp\/v2\/types\/page"}],"author":[{"embeddable":true,"href":"https:\/\/tetardville.fr\/index.php\/wp-json\/wp\/v2\/users\/1"}],"replies":[{"embeddable":true,"href":"https:\/\/tetardville.fr\/index.php\/wp-json\/wp\/v2\/comments?post=33"}],"version-history":[{"count":26,"href":"https:\/\/tetardville.fr\/index.php\/wp-json\/wp\/v2\/pages\/33\/revisions"}],"predecessor-version":[{"id":727,"href":"https:\/\/tetardville.fr\/index.php\/wp-json\/wp\/v2\/pages\/33\/revisions\/727"}],"wp:featuredmedia":[{"embeddable":true,"href":"https:\/\/tetardville.fr\/index.php\/wp-json\/wp\/v2\/media\/440"}],"wp:attachment":[{"href":"https:\/\/tetardville.fr\/index.php\/wp-json\/wp\/v2\/media?parent=33"}],"curies":[{"name":"wp","href":"https:\/\/api.w.org\/{rel}","templated":true}]}}