{"id":558,"date":"2021-04-21T20:15:23","date_gmt":"2021-04-21T19:15:23","guid":{"rendered":"http:\/\/tetardville.fr\/?page_id=558"},"modified":"2021-04-21T20:15:25","modified_gmt":"2021-04-21T19:15:25","slug":"paroles-des-chansons","status":"publish","type":"page","link":"https:\/\/tetardville.fr\/index.php\/paroles-des-chansons\/","title":{"rendered":"Paroles des chansons"},"content":{"rendered":"\n<div class=\"wp-block-file\"><a href=\"http:\/\/tetardville.fr\/wp-content\/uploads\/2021\/04\/Tetard-Ville.pdf\">T\u00eatard-Ville<\/a><a href=\"http:\/\/tetardville.fr\/wp-content\/uploads\/2021\/04\/Tetard-Ville.pdf\" class=\"wp-block-file__button\" download>T\u00e9l\u00e9charger<\/a><\/div>\n\n\n\n<div class=\"wp-block-file\"><a href=\"http:\/\/tetardville.fr\/wp-content\/uploads\/2021\/04\/Passe-le-temps.pdf\">Passe-le-temps<\/a><a href=\"http:\/\/tetardville.fr\/wp-content\/uploads\/2021\/04\/Passe-le-temps.pdf\" class=\"wp-block-file__button\" download>T\u00e9l\u00e9charger<\/a><\/div>\n\n\n\n<div class=\"wp-block-file\"><a href=\"http:\/\/tetardville.fr\/wp-content\/uploads\/2021\/04\/Le-twist-de-mon-doudou.pdf\">Le-twist-de-mon-doudou<\/a><a href=\"http:\/\/tetardville.fr\/wp-content\/uploads\/2021\/04\/Le-twist-de-mon-doudou.pdf\" class=\"wp-block-file__button\" download>T\u00e9l\u00e9charger<\/a><\/div>\n\n\n\n<div class=\"wp-block-file\"><a href=\"http:\/\/tetardville.fr\/wp-content\/uploads\/2021\/04\/Cest-la-rentree.pdf\">C&rsquo;est-la-rentr\u00e9e<\/a><a href=\"http:\/\/tetardville.fr\/wp-content\/uploads\/2021\/04\/Cest-la-rentree.pdf\" class=\"wp-block-file__button\" download>T\u00e9l\u00e9charger<\/a><\/div>\n\n\n\n<div class=\"wp-block-file\"><a href=\"http:\/\/tetardville.fr\/wp-content\/uploads\/2021\/04\/Captaine-dantan.pdf\">Cap&rsquo;taine-d&rsquo;antan<\/a><a href=\"http:\/\/tetardville.fr\/wp-content\/uploads\/2021\/04\/Captaine-dantan.pdf\" class=\"wp-block-file__button\" download>T\u00e9l\u00e9charger<\/a><\/div>\n\n\n\n<div class=\"wp-block-file\"><a href=\"http:\/\/tetardville.fr\/wp-content\/uploads\/2021\/04\/Ailleurs-si-jy-suis.pdf\">Ailleurs-si-j&rsquo;y-suis<\/a><a href=\"http:\/\/tetardville.fr\/wp-content\/uploads\/2021\/04\/Ailleurs-si-jy-suis.pdf\" class=\"wp-block-file__button\" download>T\u00e9l\u00e9charger<\/a><\/div>\n\n\n\n<div class=\"wp-block-file\"><a href=\"http:\/\/tetardville.fr\/wp-content\/uploads\/2021\/04\/Bon-appetit.pdf\">Bon-appetit<\/a><a href=\"http:\/\/tetardville.fr\/wp-content\/uploads\/2021\/04\/Bon-appetit.pdf\" class=\"wp-block-file__button\" download>T\u00e9l\u00e9charger<\/a><\/div>\n\n\n\n<div class=\"wp-block-file\"><a href=\"http:\/\/tetardville.fr\/wp-content\/uploads\/2021\/04\/Facile-a-dire.pdf\">Facile-\u00e0-dire<\/a><a href=\"http:\/\/tetardville.fr\/wp-content\/uploads\/2021\/04\/Facile-a-dire.pdf\" class=\"wp-block-file__button\" download>T\u00e9l\u00e9charger<\/a><\/div>\n\n\n\n<div class=\"wp-block-file\"><a href=\"http:\/\/tetardville.fr\/wp-content\/uploads\/2021\/04\/Le-petit-pou.pdf\">Le-petit-pou<\/a><a href=\"http:\/\/tetardville.fr\/wp-content\/uploads\/2021\/04\/Le-petit-pou.pdf\" class=\"wp-block-file__button\" download>T\u00e9l\u00e9charger<\/a><\/div>\n\n\n\n<div class=\"wp-block-file\"><a href=\"http:\/\/tetardville.fr\/wp-content\/uploads\/2021\/04\/Les-ptites-choses-qui-font-du-bien.pdf\">Les-p&rsquo;tites-choses-qui-font-du-bien<\/a><a href=\"http:\/\/tetardville.fr\/wp-content\/uploads\/2021\/04\/Les-ptites-choses-qui-font-du-bien.pdf\" class=\"wp-block-file__button\" download>T\u00e9l\u00e9charger<\/a><\/div>\n\n\n\n<div class=\"wp-block-file\"><a href=\"http:\/\/tetardville.fr\/wp-content\/uploads\/2021\/04\/AU-CIMETIERE.pdf\">Au cimeti\u00e8re<\/a><a href=\"http:\/\/tetardville.fr\/wp-content\/uploads\/2021\/04\/AU-CIMETIERE.pdf\" class=\"wp-block-file__button\" download>T\u00e9l\u00e9charger<\/a><\/div>\n\n\n\n<div class=\"wp-block-file\"><a href=\"http:\/\/tetardville.fr\/wp-content\/uploads\/2021\/04\/CHARABIA.pdf\">Charabia<\/a><a href=\"http:\/\/tetardville.fr\/wp-content\/uploads\/2021\/04\/CHARABIA.pdf\" class=\"wp-block-file__button\" download>T\u00e9l\u00e9charger<\/a><\/div>\n\n\n\n<div class=\"wp-block-file\"><a href=\"http:\/\/tetardville.fr\/wp-content\/uploads\/2021\/04\/GRAND-FRERE.pdf\">Grand fr\u00e8re<\/a><a href=\"http:\/\/tetardville.fr\/wp-content\/uploads\/2021\/04\/GRAND-FRERE.pdf\" class=\"wp-block-file__button\" download>T\u00e9l\u00e9charger<\/a><\/div>\n\n\n\n<div class=\"wp-block-file\"><a href=\"http:\/\/tetardville.fr\/wp-content\/uploads\/2021\/04\/JTINVITE.pdf\">Je t&rsquo;invite<\/a><a href=\"http:\/\/tetardville.fr\/wp-content\/uploads\/2021\/04\/JTINVITE.pdf\" class=\"wp-block-file__button\" download>T\u00e9l\u00e9charger<\/a><\/div>\n\n\n\n<div class=\"wp-block-file\"><a href=\"http:\/\/tetardville.fr\/wp-content\/uploads\/2021\/04\/LA-CLASSE-DECOUVERTE.pdf\">La classe d\u00e9couverte<\/a><a href=\"http:\/\/tetardville.fr\/wp-content\/uploads\/2021\/04\/LA-CLASSE-DECOUVERTE.pdf\" class=\"wp-block-file__button\" download>T\u00e9l\u00e9charger<\/a><\/div>\n\n\n\n<div class=\"wp-block-file\"><a href=\"http:\/\/tetardville.fr\/wp-content\/uploads\/2021\/04\/LA-TECHNO-DU-BOBO.pdf\">La techno du bobo<\/a><a href=\"http:\/\/tetardville.fr\/wp-content\/uploads\/2021\/04\/LA-TECHNO-DU-BOBO.pdf\" class=\"wp-block-file__button\" download>T\u00e9l\u00e9charger<\/a><\/div>\n\n\n\n<div class=\"wp-block-file\"><a href=\"http:\/\/tetardville.fr\/wp-content\/uploads\/2021\/04\/PAPA-PEPE.pdf\">papa p\u00e9p\u00e9<\/a><a href=\"http:\/\/tetardville.fr\/wp-content\/uploads\/2021\/04\/PAPA-PEPE.pdf\" class=\"wp-block-file__button\" download>T\u00e9l\u00e9charger<\/a><\/div>\n\n\n\n<div class=\"wp-block-file\"><a href=\"http:\/\/tetardville.fr\/wp-content\/uploads\/2021\/04\/TANTE-HUGUETTE.pdf\"><br>Tante Huguette<\/a><a href=\"http:\/\/tetardville.fr\/wp-content\/uploads\/2021\/04\/TANTE-HUGUETTE.pdf\" class=\"wp-block-file__button\" download>T\u00e9l\u00e9charger<\/a><\/div>\n\n\n\n<div class=\"wp-block-file\"><a href=\"http:\/\/tetardville.fr\/wp-content\/uploads\/2021\/04\/UN-PTIT-CALIN.pdf\">Un petit c\u00e2lin<\/a><a href=\"http:\/\/tetardville.fr\/wp-content\/uploads\/2021\/04\/UN-PTIT-CALIN.pdf\" class=\"wp-block-file__button\" download>T\u00e9l\u00e9charger<\/a><\/div>\n\n\n\n<div class=\"wp-block-file\"><a href=\"http:\/\/tetardville.fr\/wp-content\/uploads\/2021\/04\/AU-CIRQUE.pdf\">Au cirque<\/a><a href=\"http:\/\/tetardville.fr\/wp-content\/uploads\/2021\/04\/AU-CIRQUE.pdf\" class=\"wp-block-file__button\" download>T\u00e9l\u00e9charger<\/a><\/div>\n\n\n\n<div class=\"wp-block-file\"><a href=\"http:\/\/tetardville.fr\/wp-content\/uploads\/2021\/04\/CHAN...SON_.pdf\">Chan&#8230;son_<\/a><a href=\"http:\/\/tetardville.fr\/wp-content\/uploads\/2021\/04\/CHAN...SON_.pdf\" class=\"wp-block-file__button\" download>T\u00e9l\u00e9charger<\/a><\/div>\n\n\n\n<div class=\"wp-block-file\"><a href=\"http:\/\/tetardville.fr\/wp-content\/uploads\/2021\/04\/LA-TACTIQUE-DU-TIC-TAC.pdf\">La tactique du Tic-Tac<\/a><a href=\"http:\/\/tetardville.fr\/wp-content\/uploads\/2021\/04\/LA-TACTIQUE-DU-TIC-TAC.pdf\" class=\"wp-block-file__button\" download>T\u00e9l\u00e9charger<\/a><\/div>\n\n\n\n<div class=\"wp-block-file\"><a href=\"http:\/\/tetardville.fr\/wp-content\/uploads\/2021\/04\/LE-ROCKN-ROLL-CORSAIRE.pdf\">Le rock n&rsquo; roll corsaire<\/a><a href=\"http:\/\/tetardville.fr\/wp-content\/uploads\/2021\/04\/LE-ROCKN-ROLL-CORSAIRE.pdf\" class=\"wp-block-file__button\" download>T\u00e9l\u00e9charger<\/a><\/div>\n\n\n\n<div class=\"wp-block-file\"><a href=\"http:\/\/tetardville.fr\/wp-content\/uploads\/2021\/04\/MIMINE.pdf\">Mimine<\/a><a href=\"http:\/\/tetardville.fr\/wp-content\/uploads\/2021\/04\/MIMINE.pdf\" class=\"wp-block-file__button\" download>T\u00e9l\u00e9charger<\/a><\/div>\n\n\n\n<div class=\"wp-block-file\"><a href=\"http:\/\/tetardville.fr\/wp-content\/uploads\/2021\/04\/Mr-lOURS.pdf\">Mr l&rsquo;ours<\/a><a href=\"http:\/\/tetardville.fr\/wp-content\/uploads\/2021\/04\/Mr-lOURS.pdf\" class=\"wp-block-file__button\" download>T\u00e9l\u00e9charger<\/a><\/div>\n\n\n\n<div class=\"wp-block-file\"><a href=\"http:\/\/tetardville.fr\/wp-content\/uploads\/2021\/04\/NON.pdf\">Non<\/a><a href=\"http:\/\/tetardville.fr\/wp-content\/uploads\/2021\/04\/NON.pdf\" class=\"wp-block-file__button\" download>T\u00e9l\u00e9charger<\/a><\/div>\n\n\n\n<div class=\"wp-block-file\"><a href=\"http:\/\/tetardville.fr\/wp-content\/uploads\/2021\/04\/PERE-NOEL.pdf\">P\u00e8re No\u00ebl<\/a><a href=\"http:\/\/tetardville.fr\/wp-content\/uploads\/2021\/04\/PERE-NOEL.pdf\" class=\"wp-block-file__button\" download>T\u00e9l\u00e9charger<\/a><\/div>\n\n\n\n<div class=\"wp-block-file\"><a href=\"http:\/\/tetardville.fr\/wp-content\/uploads\/2021\/04\/PETITE-BULLE.pdf\">Petite bulle<\/a><a href=\"http:\/\/tetardville.fr\/wp-content\/uploads\/2021\/04\/PETITE-BULLE.pdf\" class=\"wp-block-file__button\" download>T\u00e9l\u00e9charger<\/a><\/div>\n\n\n\n<div class=\"wp-block-file\"><a href=\"http:\/\/tetardville.fr\/wp-content\/uploads\/2021\/04\/SAPERLIPOPETTE.pdf\">Saperlipopette<\/a><a href=\"http:\/\/tetardville.fr\/wp-content\/uploads\/2021\/04\/SAPERLIPOPETTE.pdf\" class=\"wp-block-file__button\" download>T\u00e9l\u00e9charger<\/a><\/div>\n\n\n\n<div class=\"wp-block-file\"><a href=\"http:\/\/tetardville.fr\/wp-content\/uploads\/2021\/04\/SOUS-MON-LIT.pdf\">Sous mon lit<\/a><a href=\"http:\/\/tetardville.fr\/wp-content\/uploads\/2021\/04\/SOUS-MON-LIT.pdf\" class=\"wp-block-file__button\" download>T\u00e9l\u00e9charger<\/a><\/div>\n\n\n\n<p><\/p>\n","protected":false},"excerpt":{"rendered":"T\u00eatard-VilleT\u00e9l\u00e9charger Passe-le-tempsT\u00e9l\u00e9charger Le-twist-de-mon-doudouT\u00e9l\u00e9charger C'est-la-rentr\u00e9eT\u00e9l\u00e9charger Cap'taine-d'antanT\u00e9l\u00e9charger Ailleurs-si-j'y-suisT\u00e9l\u00e9charger Bon-appetitT\u00e9l\u00e9charger Facile-\u00e0-direT\u00e9l\u00e9charger Le-petit-pouT\u00e9l\u00e9charger Les-p'tites-choses-qui-font-du-bienT\u00e9l\u00e9charger Au cimeti\u00e8reT\u00e9l\u00e9charger CharabiaT\u00e9l\u00e9charger Grand fr\u00e8reT\u00e9l\u00e9charger Je t'inviteT\u00e9l\u00e9charger La classe d\u00e9couverteT\u00e9l\u00e9charger La techno du boboT\u00e9l\u00e9charger papa p\u00e9p\u00e9T\u00e9l\u00e9charger Tante HuguetteT\u00e9l\u00e9charger Un petit c\u00e2linT\u00e9l\u00e9charger Au cirqueT\u00e9l\u00e9charger Chan...son_T\u00e9l\u00e9charger La tactique du Tic-TacT\u00e9l\u00e9charger Le rock n' roll corsaireT\u00e9l\u00e9charger MimineT\u00e9l\u00e9charger Mr l'oursT\u00e9l\u00e9charger NonT\u00e9l\u00e9charger P\u00e8re No\u00eblT\u00e9l\u00e9charger Petite bulleT\u00e9l\u00e9charger SaperlipopetteT\u00e9l\u00e9charger Sous mon litT\u00e9l\u00e9charger","protected":false},"author":2,"featured_media":0,"parent":0,"menu_order":0,"comment_status":"closed","ping_status":"closed","template":"","meta":[],"_links":{"self":[{"href":"https:\/\/tetardville.fr\/index.php\/wp-json\/wp\/v2\/pages\/558"}],"collection":[{"href":"https:\/\/tetardville.fr\/index.php\/wp-json\/wp\/v2\/pages"}],"about":[{"href":"https:\/\/tetardville.fr\/index.php\/wp-json\/wp\/v2\/types\/page"}],"author":[{"embeddable":true,"href":"https:\/\/tetardville.fr\/index.php\/wp-json\/wp\/v2\/users\/2"}],"replies":[{"embeddable":true,"href":"https:\/\/tetardville.fr\/index.php\/wp-json\/wp\/v2\/comments?post=558"}],"version-history":[{"count":1,"href":"https:\/\/tetardville.fr\/index.php\/wp-json\/wp\/v2\/pages\/558\/revisions"}],"predecessor-version":[{"id":589,"href":"https:\/\/tetardville.fr\/index.php\/wp-json\/wp\/v2\/pages\/558\/revisions\/589"}],"wp:attachment":[{"href":"https:\/\/tetardville.fr\/index.php\/wp-json\/wp\/v2\/media?parent=558"}],"curies":[{"name":"wp","href":"https:\/\/api.w.org\/{rel}","templated":true}]}}