{"id":22,"date":"2016-03-13T16:14:48","date_gmt":"2016-03-13T15:14:48","guid":{"rendered":"http:\/\/tetardville.fr\/?post_type=product&#038;p=22"},"modified":"2024-12-16T20:26:13","modified_gmt":"2024-12-16T19:26:13","slug":"album-xavier-pesme-tetard-ville","status":"publish","type":"product","link":"https:\/\/tetardville.fr\/index.php\/produit\/album-xavier-pesme-tetard-ville\/","title":{"rendered":"Album T\u00eatard Ville (2002)"},"content":{"rendered":"<p>CD de l&rsquo;Album<br \/>\nXavier Pesme &#8211; T\u00eatard Ville<\/p>\n<p>1. t\u00eatard ville<br \/>\n2. Capitaine d&rsquo;antan<br \/>\n3. C&rsquo;est la rentr\u00e9e<br \/>\n4. Passe le temps<br \/>\n5. Le twist de mon doudou<\/p>\n<p>+ Instrumentaux<\/p>\n","protected":false},"excerpt":{"rendered":"<p>CD de l&rsquo;Album Xavier Pesme &#8211; T\u00eatard Ville 1. t\u00eatard ville 2. Capitaine d&rsquo;antan 3. C&rsquo;est la rentr\u00e9e 4. Passe le temps 5. Le twist de mon doudou + Instrumentaux<\/p>\n","protected":false},"featured_media":62,"comment_status":"open","ping_status":"closed","template":"","meta":[],"_links":{"self":[{"href":"https:\/\/tetardville.fr\/index.php\/wp-json\/wp\/v2\/product\/22"}],"collection":[{"href":"https:\/\/tetardville.fr\/index.php\/wp-json\/wp\/v2\/product"}],"about":[{"href":"https:\/\/tetardville.fr\/index.php\/wp-json\/wp\/v2\/types\/product"}],"replies":[{"embeddable":true,"href":"https:\/\/tetardville.fr\/index.php\/wp-json\/wp\/v2\/comments?post=22"}],"wp:featuredmedia":[{"embeddable":true,"href":"https:\/\/tetardville.fr\/index.php\/wp-json\/wp\/v2\/media\/62"}],"wp:attachment":[{"href":"https:\/\/tetardville.fr\/index.php\/wp-json\/wp\/v2\/media?parent=22"}],"curies":[{"name":"wp","href":"https:\/\/api.w.org\/{rel}","templated":true}]}}