{"id":260,"date":"2016-03-13T16:22:57","date_gmt":"2016-03-13T15:22:57","guid":{"rendered":"http:\/\/tetardville.fr\/index.php\/produit\/album-tetard-ville\/"},"modified":"2024-12-16T20:24:12","modified_gmt":"2024-12-16T19:24:12","slug":"album-tetard-ville","status":"publish","type":"product","link":"https:\/\/tetardville.fr\/index.php\/produit\/album-tetard-ville\/","title":{"rendered":"Album  T\u00eatard Ville &#8211; Je d&rsquo;enfant (2013)"},"content":{"rendered":"<p>CD de l&rsquo;Album<br \/>\nT\u00eatard Ville &#8211; Je d&rsquo;enfant<\/p>\n<p>1. Je t&rsquo;invite<br \/>\n2. La techno du bobo<br \/>\n3. Charabia<br \/>\n4. Papa p\u00e9p\u00e9<br \/>\n5. Tante Huguette<br \/>\n6. Au cimeti\u00e8re<br \/>\n7. Grand fr\u00e8re<br \/>\n8. Classe d\u00e9couverte<br \/>\n9. Un petit calin<\/p>\n","protected":false},"excerpt":{"rendered":"<p>CD de l&rsquo;Album T\u00eatard Ville &#8211; Je d&rsquo;enfant 1. Je t&rsquo;invite 2. La techno du bobo 3. Charabia 4. Papa p\u00e9p\u00e9 5. Tante Huguette 6. Au cimeti\u00e8re 7. Grand fr\u00e8re 8. Classe d\u00e9couverte 9. Un petit calin<\/p>\n","protected":false},"featured_media":96,"comment_status":"open","ping_status":"closed","template":"","meta":[],"_links":{"self":[{"href":"https:\/\/tetardville.fr\/index.php\/wp-json\/wp\/v2\/product\/260"}],"collection":[{"href":"https:\/\/tetardville.fr\/index.php\/wp-json\/wp\/v2\/product"}],"about":[{"href":"https:\/\/tetardville.fr\/index.php\/wp-json\/wp\/v2\/types\/product"}],"replies":[{"embeddable":true,"href":"https:\/\/tetardville.fr\/index.php\/wp-json\/wp\/v2\/comments?post=260"}],"wp:featuredmedia":[{"embeddable":true,"href":"https:\/\/tetardville.fr\/index.php\/wp-json\/wp\/v2\/media\/96"}],"wp:attachment":[{"href":"https:\/\/tetardville.fr\/index.php\/wp-json\/wp\/v2\/media?parent=260"}],"curies":[{"name":"wp","href":"https:\/\/api.w.org\/{rel}","templated":true}]}}